{"id":8,"date":"2019-02-02T16:17:50","date_gmt":"2019-02-02T16:17:50","guid":{"rendered":"http:\/\/grupocdh.com.mx\/?page_id=8"},"modified":"2019-02-02T17:32:31","modified_gmt":"2019-02-02T17:32:31","slug":"home","status":"publish","type":"page","link":"https:\/\/grupocdh.com.mx\/","title":{"rendered":"Servicios"},"content":{"rendered":"<p><strong>Consultor\u00eda<\/strong>: A trav\u00e9s de la implementaci\u00f3n de nuestro modelo de mejora continua, ayudamos a organizaciones a evolucionar sus procesos de Recursos Humanos.<\/p>\n<p><strong>Empleabilidad:<\/strong> Mediante la aplicaci\u00f3n de metodolog\u00edas de vanguardia, brindamos las herramientas necesarias a empresas y personas para detectar, mantener y desarrollar sus talentos en el mercado laboral.<\/p>\n<p><strong>Capacitaci\u00f3n y Facilitaci\u00f3n:<\/strong> Proporcionamos a nuestros clientes una amplia gama de procesos de facilitaci\u00f3n y entrenamiento desarrollados a la medida de sus necesidades.<\/p>\n<p><strong>Coaching:<\/strong> Nuestros Coaches est\u00e1n certificados y actualizados en las metodolog\u00edas de vanguardia.<\/p>\n<p><strong>Comunicaci\u00f3n Estrat\u00e9gica:<\/strong> La comunicaci\u00f3n interna puede ser una buena estrategia para representar lo mejor de su empresa.<\/p>\n<p><strong>Civismo Corporativo:<\/strong> Esta divisi\u00f3n se ocupa de todas las cuesHones de \u00e9tica empresarial, desde como detectar y manejar el acoso sexual en el \u00e1mbito laboral, hasta que hacer en caso de que se este llevando a cabo un fraude financiero.<\/p>\n","protected":false},"excerpt":{"rendered":"<p>Consultor\u00eda: A trav\u00e9s de la implementaci\u00f3n de nuestro modelo de mejora continua, ayudamos a organizaciones a evolucionar sus procesos de Recursos Humanos. Empleabilidad: Mediante la aplicaci\u00f3n de metodolog\u00edas de vanguardia, brindamos las herramientas necesarias a empresas y personas para detectar, mantener y desarrollar sus talentos en el mercado laboral. Capacitaci\u00f3n y Facilitaci\u00f3n: Proporcionamos a nuestros &hellip; <\/p>\n<p class=\"link-more\"><a href=\"https:\/\/grupocdh.com.mx\/\" class=\"more-link\">Continue reading<span class=\"screen-reader-text\"> &#8220;Servicios&#8221;<\/span><\/a><\/p>\n","protected":false},"author":1,"featured_media":0,"parent":0,"menu_order":0,"comment_status":"closed","ping_status":"closed","template":"","meta":{"footnotes":""},"class_list":["post-8","page","type-page","status-publish","hentry"],"_links":{"self":[{"href":"https:\/\/grupocdh.com.mx\/index.php\/wp-json\/wp\/v2\/pages\/8","targetHints":{"allow":["GET"]}}],"collection":[{"href":"https:\/\/grupocdh.com.mx\/index.php\/wp-json\/wp\/v2\/pages"}],"about":[{"href":"https:\/\/grupocdh.com.mx\/index.php\/wp-json\/wp\/v2\/types\/page"}],"author":[{"embeddable":true,"href":"https:\/\/grupocdh.com.mx\/index.php\/wp-json\/wp\/v2\/users\/1"}],"replies":[{"embeddable":true,"href":"https:\/\/grupocdh.com.mx\/index.php\/wp-json\/wp\/v2\/comments?post=8"}],"version-history":[{"count":3,"href":"https:\/\/grupocdh.com.mx\/index.php\/wp-json\/wp\/v2\/pages\/8\/revisions"}],"predecessor-version":[{"id":50,"href":"https:\/\/grupocdh.com.mx\/index.php\/wp-json\/wp\/v2\/pages\/8\/revisions\/50"}],"wp:attachment":[{"href":"https:\/\/grupocdh.com.mx\/index.php\/wp-json\/wp\/v2\/media?parent=8"}],"curies":[{"name":"wp","href":"https:\/\/api.w.org\/{rel}","templated":true}]}}